{"id":12,"date":"2026-03-11T17:16:11","date_gmt":"2026-03-11T17:16:11","guid":{"rendered":"http:\/\/104.131.170.75\/index.php\/about-us\/"},"modified":"2026-03-23T19:55:54","modified_gmt":"2026-03-23T19:55:54","slug":"about-us","status":"publish","type":"page","link":"https:\/\/www.pichomilanwelding.com\/es\/about-us\/","title":{"rendered":"\u00bfQuienes Somos?"},"content":{"rendered":"<p dir=\"auto\">En <strong>Picho-Milan Welding<\/strong> nos especializamos en trabajos de metal de precisi\u00f3n, con fuerza, calidad y profesionalismo. Ubicados aqu\u00ed mismo en <strong>Opa Locka, Florida<\/strong>, ofrecemos soluciones completas de soldadura y fabricaci\u00f3n para particulares, talleres automotrices, flotas de camiones, empresas de construcci\u00f3n y la industria n\u00e1utica en todo el sur de Florida.<\/p>\n<p dir=\"auto\">Nuestros servicios principales incluyen:<\/p>\n<ul dir=\"auto\">\n<li>Soldadura de hierro, acero, aluminio y magnesio (TIG, MIG, electrodo revestido y soldadura certificada cuando sea requerida)<\/li>\n<li>Fabricaci\u00f3n y reparaci\u00f3n personalizada de tanques de combustible para aplicaciones automotrices, presurizadas e industriales<\/li>\n<li>Tanques de combustible marinos y fabricaci\u00f3n de grado n\u00e1utico<\/li>\n<li>Laminado, doblado y conformado de l\u00e1minas met\u00e1licas<\/li>\n<li>Reparaci\u00f3n de superficies met\u00e1licas (rellenos, reconstrucci\u00f3n, protecci\u00f3n contra corrosi\u00f3n)<\/li>\n<li>Fresado y mecanizado de metal de precisi\u00f3n<\/li>\n<\/ul>\n<p dir=\"auto\">Somos un taller peque\u00f1o y de atenci\u00f3n personalizada, donde cada trabajo recibe el mismo cuidado y dedicaci\u00f3n que le dar\u00edamos a nuestros propios proyectos. Utilizamos materiales certificados, equipos actualizados y cumplimos con las normas de seguridad de la industria para entregar resultados duraderos y confiables.<\/p>\n<p dir=\"auto\">Nuestra filosof\u00eda es clara: construirlo fuerte, construirlo bien y entregarlo a tiempo\u2026 sin complicaciones innecesarias ni costos ocultos. Por eso mec\u00e1nicos, due\u00f1os de flotas, astilleros y contratistas de Miami-Dade y Broward conf\u00edan en nosotros desde hace a\u00f1os.<\/p>\n<p dir=\"auto\">Ubicados estrat\u00e9gicamente para atender de forma r\u00e1pida y eficiente a toda el \u00e1rea metropolitana de Miami.<\/p>\n<p dir=\"auto\">\u00a1Cont\u00e1ctanos hoy mismo! Estamos listos para revisar tu proyecto, darte un presupuesto sin compromiso y convertir tus necesidades en trabajos met\u00e1licos de alta calidad terminados.<\/p>\n<p dir=\"auto\"><strong>Correo electr\u00f3nico:<\/strong> <a href=\"mailto:milanson.picho23@gmail.com\" target=\"_blank\" rel=\"noopener noreferrer nofollow\">milanson.picho23@gmail.com<\/a><\/p>\n<p dir=\"auto\"><strong>Tel\u00e9fono \/ <a href=\"https:wa.me\/7862824756\">WhatsApp<\/a>:<\/strong> 786 282 4756<\/p>\n<p dir=\"auto\"><strong>Direcci\u00f3n:<\/strong> 13961 NW 20 Ct, Opa Locka, FL 33054, Estados Unidos<\/p>\n<p dir=\"auto\">Env\u00edanos fotos, medidas o bocetos de lo que necesitas \u2014 \u00a1con gusto te ayudamos! El metal bien soldado dura generaciones\u2026 y nosotros nos aseguramos de que cada pieza cuente esa historia.<\/p>\n<p dir=\"auto\">\u00a1Estamos listos para enfrentar tu pr\u00f3ximo proyecto! \ud83d\udcaa\ud83d\udd25<\/p>\n<p dir=\"auto\"><img loading=\"lazy\" decoding=\"async\" class=\"alignnone size-medium wp-image-346\" src=\"https:\/\/www.pichomilanwelding.com\/ru\/wp-content\/uploads\/sites\/3\/2026\/03\/featured-metal-fab-300x200.jpg\" alt=\"\" width=\"300\" height=\"200\" srcset=\"https:\/\/www.pichomilanwelding.com\/es\/wp-content\/uploads\/sites\/3\/2026\/03\/featured-metal-fab-300x200.jpg 300w, https:\/\/www.pichomilanwelding.com\/es\/wp-content\/uploads\/sites\/3\/2026\/03\/featured-metal-fab.jpg 724w\" sizes=\"auto, (max-width: 300px) 100vw, 300px\" \/> <img loading=\"lazy\" decoding=\"async\" class=\"alignnone size-medium wp-image-345\" src=\"https:\/\/www.pichomilanwelding.com\/ru\/wp-content\/uploads\/sites\/3\/2026\/03\/Corson_Welding-300x200.jpg\" alt=\"\" width=\"300\" height=\"200\" srcset=\"https:\/\/www.pichomilanwelding.com\/es\/wp-content\/uploads\/sites\/3\/2026\/03\/Corson_Welding-300x200.jpg 300w, https:\/\/www.pichomilanwelding.com\/es\/wp-content\/uploads\/sites\/3\/2026\/03\/Corson_Welding-768x512.jpg 768w, https:\/\/www.pichomilanwelding.com\/es\/wp-content\/uploads\/sites\/3\/2026\/03\/Corson_Welding.jpg 1000w\" sizes=\"auto, (max-width: 300px) 100vw, 300px\" \/> <img loading=\"lazy\" decoding=\"async\" class=\"alignnone size-medium wp-image-347\" src=\"https:\/\/www.pichomilanwelding.com\/ru\/wp-content\/uploads\/sites\/3\/2026\/03\/fuel1-300x210.jpg\" alt=\"\" width=\"300\" height=\"210\" srcset=\"https:\/\/www.pichomilanwelding.com\/es\/wp-content\/uploads\/sites\/3\/2026\/03\/fuel1-300x210.jpg 300w, https:\/\/www.pichomilanwelding.com\/es\/wp-content\/uploads\/sites\/3\/2026\/03\/fuel1-768x538.jpg 768w, https:\/\/www.pichomilanwelding.com\/es\/wp-content\/uploads\/sites\/3\/2026\/03\/fuel1.jpg 900w\" sizes=\"auto, (max-width: 300px) 100vw, 300px\" \/> <img loading=\"lazy\" decoding=\"async\" class=\"alignnone size-medium wp-image-323\" src=\"https:\/\/www.pichomilanwelding.com\/ru\/wp-content\/uploads\/sites\/3\/2026\/03\/ab85da97-9796-4789-a37b-2985fd05ebb6-2-201x300.jpg\" alt=\"\" width=\"201\" height=\"300\" srcset=\"https:\/\/www.pichomilanwelding.com\/es\/wp-content\/uploads\/sites\/3\/2026\/03\/ab85da97-9796-4789-a37b-2985fd05ebb6-2-201x300.jpg 201w, https:\/\/www.pichomilanwelding.com\/es\/wp-content\/uploads\/sites\/3\/2026\/03\/ab85da97-9796-4789-a37b-2985fd05ebb6-2-687x1024.jpg 687w, https:\/\/www.pichomilanwelding.com\/es\/wp-content\/uploads\/sites\/3\/2026\/03\/ab85da97-9796-4789-a37b-2985fd05ebb6-2-768x1144.jpg 768w, https:\/\/www.pichomilanwelding.com\/es\/wp-content\/uploads\/sites\/3\/2026\/03\/ab85da97-9796-4789-a37b-2985fd05ebb6-2.jpg 784w\" sizes=\"auto, (max-width: 201px) 100vw, 201px\" \/><\/p>\n","protected":false},"excerpt":{"rendered":"<p>En Picho-Milan Welding nos especializamos en trabajos de metal de precisi\u00f3n, con fuerza, calidad y profesionalismo. Ubicados aqu\u00ed mismo en Opa Locka, Florida, ofrecemos soluciones completas de soldadura y fabricaci\u00f3n para particulares, talleres automotrices, flotas de camiones, empresas de construcci\u00f3n y la industria n\u00e1utica en todo el sur de Florida. Nuestros servicios principales incluyen: Soldadura [&hellip;]<\/p>\n","protected":false},"author":1,"featured_media":0,"parent":0,"menu_order":0,"comment_status":"closed","ping_status":"closed","template":"","meta":{"footnotes":""},"class_list":["post-12","page","type-page","status-publish","hentry"],"_links":{"self":[{"href":"https:\/\/www.pichomilanwelding.com\/es\/wp-json\/wp\/v2\/pages\/12","targetHints":{"allow":["GET"]}}],"collection":[{"href":"https:\/\/www.pichomilanwelding.com\/es\/wp-json\/wp\/v2\/pages"}],"about":[{"href":"https:\/\/www.pichomilanwelding.com\/es\/wp-json\/wp\/v2\/types\/page"}],"author":[{"embeddable":true,"href":"https:\/\/www.pichomilanwelding.com\/es\/wp-json\/wp\/v2\/users\/1"}],"replies":[{"embeddable":true,"href":"https:\/\/www.pichomilanwelding.com\/es\/wp-json\/wp\/v2\/comments?post=12"}],"version-history":[{"count":3,"href":"https:\/\/www.pichomilanwelding.com\/es\/wp-json\/wp\/v2\/pages\/12\/revisions"}],"predecessor-version":[{"id":400,"href":"https:\/\/www.pichomilanwelding.com\/es\/wp-json\/wp\/v2\/pages\/12\/revisions\/400"}],"wp:attachment":[{"href":"https:\/\/www.pichomilanwelding.com\/es\/wp-json\/wp\/v2\/media?parent=12"}],"curies":[{"name":"wp","href":"https:\/\/api.w.org\/{rel}","templated":true}]}}