{"id":14,"date":"2026-03-11T17:16:11","date_gmt":"2026-03-11T17:16:11","guid":{"rendered":"http:\/\/104.131.170.75\/index.php\/services\/"},"modified":"2026-03-23T20:05:52","modified_gmt":"2026-03-23T20:05:52","slug":"services","status":"publish","type":"page","link":"https:\/\/www.pichomilanwelding.com\/es\/services\/","title":{"rendered":"Servicios"},"content":{"rendered":"\n<p>\u00a1En nuestro taller ofrecemos una gama completa de servicios especializados de <strong>soldadura y trabajos en metal<\/strong>, con experiencia en m\u00faltiples procesos y materiales!<\/p>\n\n\n\n<p>Algunos de los servicios que brindamos son:<\/p>\n\n\n\n<ul class=\"wp-block-list\">\n<li>Soldadura general (MIG, TIG, electrodo revestido, etc.) en una amplia variedad de metales.<\/li>\n\n\n\n<li>Soldadura de <strong>aluminio<\/strong> \u2013 trabajo especializado y de alta precisi\u00f3n.<\/li>\n\n\n\n<li>Soldadura de <strong>magnesio<\/strong> \u2013 ideal para aplicaciones exigentes en las industrias automotriz, aeroespacial, n\u00e1utica y otras.<\/li>\n\n\n\n<li>Fabricaci\u00f3n personalizada de <strong>tanques de combustible<\/strong>:\n<ul class=\"wp-block-list\">\n<li>Automotriz (tanques a medida para autos, camiones, veh\u00edculos de carrera o alto rendimiento).<\/li>\n\n\n\n<li>Tanques presurizados.<\/li>\n\n\n\n<li>Tanques marinos \/ n\u00e1uticos (construidos para resistir entornos agresivos de agua salada).<\/li>\n<\/ul>\n<\/li>\n\n\n\n<li>Conformado y laminado de chapa met\u00e1lica y perfiles.<\/li>\n\n\n\n<li>Fresado y mecanizado de precisi\u00f3n.<\/li>\n\n\n\n<li>Reparaci\u00f3n de superficies (rectificado, pulido, restauraci\u00f3n de piezas da\u00f1adas).<\/li>\n<\/ul>\n\n\n\n<p>Trabajamos con materiales como acero, acero inoxidable, aluminio, magnesio y aleaciones especiales, siempre poniendo por delante la m\u00e1xima calidad en la ejecuci\u00f3n, la seguridad y el cumplimiento de las normas de la industria.<\/p>\n\n\n\n<p>\u00bfNecesitas m\u00e1s detalles sobre alg\u00fan servicio en particular, un presupuesto o fotos de proyectos espec\u00edficos que hayamos terminado? \u00a1Estamos aqu\u00ed para ayudarte! \ud83d\ude0a<\/p>\n\n\n\n<p><strong>Tel\u00e9fono \/<a href=\"https:wa.me\/7862824756\"> WhatsApp<\/a>:<\/strong> (786) 282-4756 (ideal para enviar fotos, notas de voz o preguntas r\u00e1pidas)<\/p>\n\n\n\n<p><strong>Correo electr\u00f3nico:<\/strong> <a href=\"mailto:milanson.picho23@gmail.com\" target=\"_blank\" rel=\"noreferrer noopener\">milanson.picho23@gmail.com<\/a> (Adjunta planos, fotos o detalles \u2014 normalmente respondemos en pocas horas)<\/p>\n\n\n\n<p><strong>Direcci\u00f3n \/ Ubicaci\u00f3n del taller:<\/strong> 13961 NW 20 Ct, Opa Locka, FL 33054, Estados Unidos<\/p>\n\n\n\n<div class=\"wp-block-buttons is-layout-flex wp-block-buttons-is-layout-flex\">\n<div class=\"wp-block-button\"><a class=\"wp-block-button__link wp-element-button\" href=\"https:104.131.170.75\/index.php\/request-a-quote\/\">Get a Quote<\/a><\/div>\n<\/div>\n\n\n\n<figure class=\"wp-block-gallery has-nested-images columns-default is-cropped wp-block-gallery-1 is-layout-flex wp-block-gallery-is-layout-flex\">\n<figure class=\"wp-block-image size-large\"><img loading=\"lazy\" decoding=\"async\" width=\"687\" height=\"1024\" data-id=\"320\" src=\"https:104.131.170.75\/wp-content\/uploads\/sites\/3\/2026\/03\/9eeaecac-b4c7-4c45-b734-18d705a2a496-1-687x1024.jpg\" alt=\"\" class=\"wp-image-320\" srcset=\"https:\/\/www.pichomilanwelding.com\/es\/wp-content\/uploads\/sites\/3\/2026\/03\/9eeaecac-b4c7-4c45-b734-18d705a2a496-1-687x1024.jpg 687w, https:\/\/www.pichomilanwelding.com\/es\/wp-content\/uploads\/sites\/3\/2026\/03\/9eeaecac-b4c7-4c45-b734-18d705a2a496-1-201x300.jpg 201w, https:\/\/www.pichomilanwelding.com\/es\/wp-content\/uploads\/sites\/3\/2026\/03\/9eeaecac-b4c7-4c45-b734-18d705a2a496-1-768x1144.jpg 768w, https:\/\/www.pichomilanwelding.com\/es\/wp-content\/uploads\/sites\/3\/2026\/03\/9eeaecac-b4c7-4c45-b734-18d705a2a496-1.jpg 784w\" sizes=\"auto, (max-width: 687px) 100vw, 687px\" \/><\/figure>\n\n\n\n<figure class=\"wp-block-image size-large\"><img loading=\"lazy\" decoding=\"async\" width=\"687\" height=\"1024\" data-id=\"324\" src=\"https:104.131.170.75\/wp-content\/uploads\/sites\/3\/2026\/03\/83776ea1-4f07-4028-a3a9-1cc04e23aef9-1-687x1024.jpg\" alt=\"\" class=\"wp-image-324\" srcset=\"https:\/\/www.pichomilanwelding.com\/es\/wp-content\/uploads\/sites\/3\/2026\/03\/83776ea1-4f07-4028-a3a9-1cc04e23aef9-1-687x1024.jpg 687w, https:\/\/www.pichomilanwelding.com\/es\/wp-content\/uploads\/sites\/3\/2026\/03\/83776ea1-4f07-4028-a3a9-1cc04e23aef9-1-201x300.jpg 201w, https:\/\/www.pichomilanwelding.com\/es\/wp-content\/uploads\/sites\/3\/2026\/03\/83776ea1-4f07-4028-a3a9-1cc04e23aef9-1-768x1144.jpg 768w, https:\/\/www.pichomilanwelding.com\/es\/wp-content\/uploads\/sites\/3\/2026\/03\/83776ea1-4f07-4028-a3a9-1cc04e23aef9-1.jpg 784w\" sizes=\"auto, (max-width: 687px) 100vw, 687px\" \/><\/figure>\n\n\n\n<figure class=\"wp-block-image size-large\"><img loading=\"lazy\" decoding=\"async\" width=\"687\" height=\"1024\" data-id=\"321\" src=\"https:104.131.170.75\/wp-content\/uploads\/sites\/3\/2026\/03\/ab4ce245-cd11-4202-bc61-e724c4454f38-1-687x1024.jpg\" alt=\"\" class=\"wp-image-321\" srcset=\"https:\/\/www.pichomilanwelding.com\/es\/wp-content\/uploads\/sites\/3\/2026\/03\/ab4ce245-cd11-4202-bc61-e724c4454f38-1-687x1024.jpg 687w, https:\/\/www.pichomilanwelding.com\/es\/wp-content\/uploads\/sites\/3\/2026\/03\/ab4ce245-cd11-4202-bc61-e724c4454f38-1-201x300.jpg 201w, https:\/\/www.pichomilanwelding.com\/es\/wp-content\/uploads\/sites\/3\/2026\/03\/ab4ce245-cd11-4202-bc61-e724c4454f38-1-768x1144.jpg 768w, https:\/\/www.pichomilanwelding.com\/es\/wp-content\/uploads\/sites\/3\/2026\/03\/ab4ce245-cd11-4202-bc61-e724c4454f38-1.jpg 784w\" sizes=\"auto, (max-width: 687px) 100vw, 687px\" \/><\/figure>\n\n\n\n<figure class=\"wp-block-image size-large\"><img loading=\"lazy\" decoding=\"async\" width=\"687\" height=\"1024\" data-id=\"323\" src=\"https:104.131.170.75\/wp-content\/uploads\/sites\/3\/2026\/03\/ab85da97-9796-4789-a37b-2985fd05ebb6-2-687x1024.jpg\" alt=\"\" class=\"wp-image-323\" srcset=\"https:\/\/www.pichomilanwelding.com\/es\/wp-content\/uploads\/sites\/3\/2026\/03\/ab85da97-9796-4789-a37b-2985fd05ebb6-2-687x1024.jpg 687w, https:\/\/www.pichomilanwelding.com\/es\/wp-content\/uploads\/sites\/3\/2026\/03\/ab85da97-9796-4789-a37b-2985fd05ebb6-2-201x300.jpg 201w, https:\/\/www.pichomilanwelding.com\/es\/wp-content\/uploads\/sites\/3\/2026\/03\/ab85da97-9796-4789-a37b-2985fd05ebb6-2-768x1144.jpg 768w, https:\/\/www.pichomilanwelding.com\/es\/wp-content\/uploads\/sites\/3\/2026\/03\/ab85da97-9796-4789-a37b-2985fd05ebb6-2.jpg 784w\" sizes=\"auto, (max-width: 687px) 100vw, 687px\" \/><\/figure>\n\n\n\n<figure class=\"wp-block-image size-large\"><img loading=\"lazy\" decoding=\"async\" width=\"683\" height=\"1024\" data-id=\"322\" src=\"https:104.131.170.75\/wp-content\/uploads\/sites\/3\/2026\/03\/e5df7ccc-0abd-4f7f-989e-bc0edd61572c-1-683x1024.jpg\" alt=\"\" class=\"wp-image-322\" srcset=\"https:\/\/www.pichomilanwelding.com\/es\/wp-content\/uploads\/sites\/3\/2026\/03\/e5df7ccc-0abd-4f7f-989e-bc0edd61572c-1-683x1024.jpg 683w, https:\/\/www.pichomilanwelding.com\/es\/wp-content\/uploads\/sites\/3\/2026\/03\/e5df7ccc-0abd-4f7f-989e-bc0edd61572c-1-200x300.jpg 200w, https:\/\/www.pichomilanwelding.com\/es\/wp-content\/uploads\/sites\/3\/2026\/03\/e5df7ccc-0abd-4f7f-989e-bc0edd61572c-1-768x1152.jpg 768w, https:\/\/www.pichomilanwelding.com\/es\/wp-content\/uploads\/sites\/3\/2026\/03\/e5df7ccc-0abd-4f7f-989e-bc0edd61572c-1.jpg 832w\" sizes=\"auto, (max-width: 683px) 100vw, 683px\" \/><\/figure>\n\n\n\n<figure class=\"wp-block-image size-large\"><img loading=\"lazy\" decoding=\"async\" width=\"687\" height=\"1024\" data-id=\"326\" src=\"https:104.131.170.75\/wp-content\/uploads\/sites\/3\/2026\/03\/e64c5e2d-6f18-45dd-bfdf-48495acec81a-2-687x1024.jpg\" alt=\"\" class=\"wp-image-326\" srcset=\"https:\/\/www.pichomilanwelding.com\/es\/wp-content\/uploads\/sites\/3\/2026\/03\/e64c5e2d-6f18-45dd-bfdf-48495acec81a-2-687x1024.jpg 687w, https:\/\/www.pichomilanwelding.com\/es\/wp-content\/uploads\/sites\/3\/2026\/03\/e64c5e2d-6f18-45dd-bfdf-48495acec81a-2-201x300.jpg 201w, https:\/\/www.pichomilanwelding.com\/es\/wp-content\/uploads\/sites\/3\/2026\/03\/e64c5e2d-6f18-45dd-bfdf-48495acec81a-2-768x1144.jpg 768w, https:\/\/www.pichomilanwelding.com\/es\/wp-content\/uploads\/sites\/3\/2026\/03\/e64c5e2d-6f18-45dd-bfdf-48495acec81a-2.jpg 784w\" sizes=\"auto, (max-width: 687px) 100vw, 687px\" \/><\/figure>\n\n\n\n<figure class=\"wp-block-image size-large\"><img loading=\"lazy\" decoding=\"async\" width=\"1024\" height=\"1024\" data-id=\"325\" src=\"https:104.131.170.75\/wp-content\/uploads\/sites\/3\/2026\/03\/eb939078-c123-4db2-be7f-56728c7be06e-1.jpg\" alt=\"\" class=\"wp-image-325\" srcset=\"https:\/\/www.pichomilanwelding.com\/es\/wp-content\/uploads\/sites\/3\/2026\/03\/eb939078-c123-4db2-be7f-56728c7be06e-1.jpg 1024w, https:\/\/www.pichomilanwelding.com\/es\/wp-content\/uploads\/sites\/3\/2026\/03\/eb939078-c123-4db2-be7f-56728c7be06e-1-300x300.jpg 300w, https:\/\/www.pichomilanwelding.com\/es\/wp-content\/uploads\/sites\/3\/2026\/03\/eb939078-c123-4db2-be7f-56728c7be06e-1-150x150.jpg 150w, https:\/\/www.pichomilanwelding.com\/es\/wp-content\/uploads\/sites\/3\/2026\/03\/eb939078-c123-4db2-be7f-56728c7be06e-1-768x768.jpg 768w, https:\/\/www.pichomilanwelding.com\/es\/wp-content\/uploads\/sites\/3\/2026\/03\/eb939078-c123-4db2-be7f-56728c7be06e-1-100x100.jpg 100w\" sizes=\"auto, (max-width: 1024px) 100vw, 1024px\" \/><\/figure>\n\n\n\n<figure class=\"wp-block-image size-large\"><img loading=\"lazy\" decoding=\"async\" width=\"687\" height=\"1024\" data-id=\"157\" src=\"https:104.131.170.75\/wp-content\/uploads\/sites\/3\/2026\/03\/dbbd62f8-8512-4c6c-bd59-4b311aadea1d-687x1024.jpg\" alt=\"\" class=\"wp-image-157\" srcset=\"https:\/\/www.pichomilanwelding.com\/es\/wp-content\/uploads\/sites\/3\/2026\/03\/dbbd62f8-8512-4c6c-bd59-4b311aadea1d-687x1024.jpg 687w, https:\/\/www.pichomilanwelding.com\/es\/wp-content\/uploads\/sites\/3\/2026\/03\/dbbd62f8-8512-4c6c-bd59-4b311aadea1d-201x300.jpg 201w, https:\/\/www.pichomilanwelding.com\/es\/wp-content\/uploads\/sites\/3\/2026\/03\/dbbd62f8-8512-4c6c-bd59-4b311aadea1d-768x1144.jpg 768w, https:\/\/www.pichomilanwelding.com\/es\/wp-content\/uploads\/sites\/3\/2026\/03\/dbbd62f8-8512-4c6c-bd59-4b311aadea1d.jpg 784w\" sizes=\"auto, (max-width: 687px) 100vw, 687px\" \/><\/figure>\n\n\n\n<figure class=\"wp-block-image size-large\"><img loading=\"lazy\" decoding=\"async\" width=\"687\" height=\"1024\" data-id=\"161\" src=\"https:104.131.170.75\/wp-content\/uploads\/sites\/3\/2026\/03\/e64c5e2d-6f18-45dd-bfdf-48495acec81a-687x1024.jpg\" alt=\"\" class=\"wp-image-161\" srcset=\"https:\/\/www.pichomilanwelding.com\/es\/wp-content\/uploads\/sites\/3\/2026\/03\/e64c5e2d-6f18-45dd-bfdf-48495acec81a-687x1024.jpg 687w, https:\/\/www.pichomilanwelding.com\/es\/wp-content\/uploads\/sites\/3\/2026\/03\/e64c5e2d-6f18-45dd-bfdf-48495acec81a-201x300.jpg 201w, https:\/\/www.pichomilanwelding.com\/es\/wp-content\/uploads\/sites\/3\/2026\/03\/e64c5e2d-6f18-45dd-bfdf-48495acec81a-768x1144.jpg 768w, https:\/\/www.pichomilanwelding.com\/es\/wp-content\/uploads\/sites\/3\/2026\/03\/e64c5e2d-6f18-45dd-bfdf-48495acec81a.jpg 784w\" sizes=\"auto, (max-width: 687px) 100vw, 687px\" \/><\/figure>\n<\/figure>\n\n\n\n<p><\/p>\n","protected":false},"excerpt":{"rendered":"<p>\u00a1En nuestro taller ofrecemos una gama completa de servicios especializados de soldadura y trabajos en metal, con experiencia en m\u00faltiples procesos y materiales! Algunos de los servicios que brindamos son: Trabajamos con materiales como acero, acero inoxidable, aluminio, magnesio y aleaciones especiales, siempre poniendo por delante la m\u00e1xima calidad en la ejecuci\u00f3n, la seguridad y [&hellip;]<\/p>\n","protected":false},"author":1,"featured_media":318,"parent":0,"menu_order":0,"comment_status":"closed","ping_status":"closed","template":"","meta":{"footnotes":""},"class_list":["post-14","page","type-page","status-publish","has-post-thumbnail","hentry"],"_links":{"self":[{"href":"https:\/\/www.pichomilanwelding.com\/es\/wp-json\/wp\/v2\/pages\/14","targetHints":{"allow":["GET"]}}],"collection":[{"href":"https:\/\/www.pichomilanwelding.com\/es\/wp-json\/wp\/v2\/pages"}],"about":[{"href":"https:\/\/www.pichomilanwelding.com\/es\/wp-json\/wp\/v2\/types\/page"}],"author":[{"embeddable":true,"href":"https:\/\/www.pichomilanwelding.com\/es\/wp-json\/wp\/v2\/users\/1"}],"replies":[{"embeddable":true,"href":"https:\/\/www.pichomilanwelding.com\/es\/wp-json\/wp\/v2\/comments?post=14"}],"version-history":[{"count":6,"href":"https:\/\/www.pichomilanwelding.com\/es\/wp-json\/wp\/v2\/pages\/14\/revisions"}],"predecessor-version":[{"id":405,"href":"https:\/\/www.pichomilanwelding.com\/es\/wp-json\/wp\/v2\/pages\/14\/revisions\/405"}],"wp:featuredmedia":[{"embeddable":true,"href":"https:\/\/www.pichomilanwelding.com\/es\/wp-json\/wp\/v2\/media\/318"}],"wp:attachment":[{"href":"https:\/\/www.pichomilanwelding.com\/es\/wp-json\/wp\/v2\/media?parent=14"}],"curies":[{"name":"wp","href":"https:\/\/api.w.org\/{rel}","templated":true}]}}