{"id":18,"date":"2026-03-11T17:16:11","date_gmt":"2026-03-11T17:16:11","guid":{"rendered":"http:\/\/104.131.170.75\/index.php\/contact\/"},"modified":"2026-03-23T20:01:04","modified_gmt":"2026-03-23T20:01:04","slug":"contact","status":"publish","type":"page","link":"https:\/\/www.pichomilanwelding.com\/es\/contact\/","title":{"rendered":"Cont\u00e1ctanos"},"content":{"rendered":"<p dir=\"auto\">\u00bfListo para hablar de tu proyecto de soldadura, fabricaci\u00f3n o reparaci\u00f3n de metal? Estamos aqu\u00ed para ayudarte \u2014 ya sea que necesites un presupuesto r\u00e1pido, tengas fotos\/medidas para compartir o quieras pasar por el taller.<\/p>\n<p dir=\"auto\">\u00a1Cont\u00e1ctanos hoy mismo! Ning\u00fan trabajo es demasiado peque\u00f1o ni demasiado complejo. Respondemos r\u00e1pido y damos estimados honestos y sin compromiso.<\/p>\n<p dir=\"auto\"><strong>Tel\u00e9fono \/<a href=\"https:wa.me\/7862824756\"> WhatsApp<\/a>:<\/strong> (786) 282-4756 (ideal para enviar fotos, notas de voz o preguntas r\u00e1pidas)<\/p>\n<p dir=\"auto\"><strong>Correo electr\u00f3nico:<\/strong> <a href=\"mailto:milanson.picho23@gmail.com\" target=\"_blank\" rel=\"noopener noreferrer nofollow\">milanson.picho23@gmail.com<\/a> (Adjunta planos, fotos o detalles \u2014 normalmente respondemos en pocas horas)<\/p>\n<p dir=\"auto\"><strong>Direcci\u00f3n \/ Ubicaci\u00f3n del taller:<\/strong> 13961 NW 20 Ct, Opa Locka, FL 33054, Estados Unidos<\/p>\n<p dir=\"auto\">Estamos convenientemente ubicados en Opa Locka, f\u00e1cil de llegar desde Miami, Hialeah, Miami Gardens, Doral, Broward y zonas cercanas. P\u00e1sate durante el horario de atenci\u00f3n \u2014 con gusto evaluamos tu pieza en el momento.<\/p>\n<p dir=\"auto\"><strong>Horario de atenci\u00f3n:<\/strong> Lunes a viernes: 8:00 AM \u2013 5:00 PM S\u00e1bado: Con cita previa Domingo: Cerrado<\/p>\n<p dir=\"auto\">(Si vienes desde lejos, llama o env\u00eda mensaje antes para confirmar que estamos y listos para tu proyecto.)<\/p>\n<p dir=\"auto\">\u00a1Env\u00edanos un mensaje ahora mismo! Esperamos trabajar contigo.<\/p>\n<p dir=\"auto\">Desde tanques de combustible personalizados hasta reparaciones de precisi\u00f3n \u2014 hag\u00e1moslo fuerte y bien hecho. \u00a1Hablamos pronto! \ud83d\udcaa\ud83d\udd27<\/p>\n<p dir=\"auto\"><img loading=\"lazy\" decoding=\"async\" class=\" wp-image-349 alignleft\" src=\"https:\/\/www.pichomilanwelding.com\/ru\/wp-content\/uploads\/sites\/3\/2026\/03\/metalstorm-welding-2_kr9p07-300x200.jpg\" alt=\"\" width=\"258\" height=\"172\" srcset=\"https:\/\/www.pichomilanwelding.com\/es\/wp-content\/uploads\/sites\/3\/2026\/03\/metalstorm-welding-2_kr9p07-300x200.jpg 300w, https:\/\/www.pichomilanwelding.com\/es\/wp-content\/uploads\/sites\/3\/2026\/03\/metalstorm-welding-2_kr9p07-1024x683.jpg 1024w, https:\/\/www.pichomilanwelding.com\/es\/wp-content\/uploads\/sites\/3\/2026\/03\/metalstorm-welding-2_kr9p07-768x512.jpg 768w, https:\/\/www.pichomilanwelding.com\/es\/wp-content\/uploads\/sites\/3\/2026\/03\/metalstorm-welding-2_kr9p07-1536x1024.jpg 1536w, https:\/\/www.pichomilanwelding.com\/es\/wp-content\/uploads\/sites\/3\/2026\/03\/metalstorm-welding-2_kr9p07.jpg 1920w\" sizes=\"auto, (max-width: 258px) 100vw, 258px\" \/> <img loading=\"lazy\" decoding=\"async\" class=\" wp-image-348 alignleft\" src=\"https:\/\/www.pichomilanwelding.com\/ru\/wp-content\/uploads\/sites\/3\/2026\/03\/what-is-your-ultimate-weld-cell-1629270948-300x200.jpg\" alt=\"\" width=\"260\" height=\"173\" srcset=\"https:\/\/www.pichomilanwelding.com\/es\/wp-content\/uploads\/sites\/3\/2026\/03\/what-is-your-ultimate-weld-cell-1629270948-300x200.jpg 300w, https:\/\/www.pichomilanwelding.com\/es\/wp-content\/uploads\/sites\/3\/2026\/03\/what-is-your-ultimate-weld-cell-1629270948-768x512.jpg 768w, https:\/\/www.pichomilanwelding.com\/es\/wp-content\/uploads\/sites\/3\/2026\/03\/what-is-your-ultimate-weld-cell-1629270948.jpg 1000w\" sizes=\"auto, (max-width: 260px) 100vw, 260px\" \/> <img loading=\"lazy\" decoding=\"async\" class=\" wp-image-344 alignleft\" src=\"https:\/\/www.pichomilanwelding.com\/ru\/wp-content\/uploads\/sites\/3\/2026\/03\/a8b886ea2384a2a0fda9c2f3c3026a8e-300x242.jpg\" alt=\"\" width=\"215\" height=\"174\" srcset=\"https:\/\/www.pichomilanwelding.com\/es\/wp-content\/uploads\/sites\/3\/2026\/03\/a8b886ea2384a2a0fda9c2f3c3026a8e-300x242.jpg 300w, https:\/\/www.pichomilanwelding.com\/es\/wp-content\/uploads\/sites\/3\/2026\/03\/a8b886ea2384a2a0fda9c2f3c3026a8e-768x619.jpg 768w, https:\/\/www.pichomilanwelding.com\/es\/wp-content\/uploads\/sites\/3\/2026\/03\/a8b886ea2384a2a0fda9c2f3c3026a8e.jpg 1000w\" sizes=\"auto, (max-width: 215px) 100vw, 215px\" \/><\/p>\n","protected":false},"excerpt":{"rendered":"<p>\u00bfListo para hablar de tu proyecto de soldadura, fabricaci\u00f3n o reparaci\u00f3n de metal? Estamos aqu\u00ed para ayudarte \u2014 ya sea que necesites un presupuesto r\u00e1pido, tengas fotos\/medidas para compartir o quieras pasar por el taller. \u00a1Cont\u00e1ctanos hoy mismo! Ning\u00fan trabajo es demasiado peque\u00f1o ni demasiado complejo. Respondemos r\u00e1pido y damos estimados honestos y sin compromiso. [&hellip;]<\/p>\n","protected":false},"author":1,"featured_media":0,"parent":0,"menu_order":0,"comment_status":"closed","ping_status":"closed","template":"","meta":{"footnotes":""},"class_list":["post-18","page","type-page","status-publish","hentry"],"_links":{"self":[{"href":"https:\/\/www.pichomilanwelding.com\/es\/wp-json\/wp\/v2\/pages\/18","targetHints":{"allow":["GET"]}}],"collection":[{"href":"https:\/\/www.pichomilanwelding.com\/es\/wp-json\/wp\/v2\/pages"}],"about":[{"href":"https:\/\/www.pichomilanwelding.com\/es\/wp-json\/wp\/v2\/types\/page"}],"author":[{"embeddable":true,"href":"https:\/\/www.pichomilanwelding.com\/es\/wp-json\/wp\/v2\/users\/1"}],"replies":[{"embeddable":true,"href":"https:\/\/www.pichomilanwelding.com\/es\/wp-json\/wp\/v2\/comments?post=18"}],"version-history":[{"count":5,"href":"https:\/\/www.pichomilanwelding.com\/es\/wp-json\/wp\/v2\/pages\/18\/revisions"}],"predecessor-version":[{"id":402,"href":"https:\/\/www.pichomilanwelding.com\/es\/wp-json\/wp\/v2\/pages\/18\/revisions\/402"}],"wp:attachment":[{"href":"https:\/\/www.pichomilanwelding.com\/es\/wp-json\/wp\/v2\/media?parent=18"}],"curies":[{"name":"wp","href":"https:\/\/api.w.org\/{rel}","templated":true}]}}